{"id":125,"date":"2024-01-25T18:42:33","date_gmt":"2024-01-25T18:42:33","guid":{"rendered":"https:\/\/martorelli.com.br\/dialogoslegais\/?page_id=125"},"modified":"2025-12-18T20:32:29","modified_gmt":"2025-12-18T20:32:29","slug":"home","status":"publish","type":"page","link":"https:\/\/martorelli.com.br\/dialogoslegais\/","title":{"rendered":"Home"},"content":{"rendered":"\t\t<div data-elementor-type=\"wp-page\" data-elementor-id=\"125\" class=\"elementor elementor-125\" data-elementor-post-type=\"page\">\n\t\t\t\t<div class=\"elementor-element elementor-element-d8dcb6d e-con-full e-flex e-con e-parent\" data-id=\"d8dcb6d\" data-element_type=\"container\" data-e-type=\"container\">\n\t\t\t\t<\/div>\n\t\t<div class=\"elementor-element elementor-element-d239af9 e-flex e-con-boxed e-con e-parent\" data-id=\"d239af9\" data-element_type=\"container\" data-e-type=\"container\" data-settings=\"{&quot;background_background&quot;:&quot;classic&quot;}\">\n\t\t\t\t\t<div class=\"e-con-inner\">\n\t\t\t\t<div class=\"elementor-element elementor-element-cd795b0 de_scroll_animation_no elementor-widget elementor-widget-heading\" data-id=\"cd795b0\" data-element_type=\"widget\" data-e-type=\"widget\" data-widget_type=\"heading.default\">\n\t\t\t\t<div class=\"elementor-widget-container\">\n\t\t\t\t\t<h3 class=\"elementor-heading-title elementor-size-default\">Confira abaixo os destaques e<br> as not\u00edcias mais lidas da semana:<\/h3>\t\t\t\t<\/div>\n\t\t\t\t<\/div>\n\t\t\t\t<div class=\"elementor-element elementor-element-d9cef9f elementor-posts--align-center elementor-grid-3 elementor-grid-tablet-2 elementor-grid-mobile-1 elementor-posts--thumbnail-top elementor-card-shadow-yes elementor-posts__hover-gradient de_scroll_animation_no elementor-widget elementor-widget-posts\" data-id=\"d9cef9f\" data-element_type=\"widget\" data-e-type=\"widget\" data-settings=\"{&quot;cards_row_gap&quot;:{&quot;unit&quot;:&quot;px&quot;,&quot;size&quot;:25,&quot;sizes&quot;:[]},&quot;cards_columns&quot;:&quot;3&quot;,&quot;cards_columns_tablet&quot;:&quot;2&quot;,&quot;cards_columns_mobile&quot;:&quot;1&quot;,&quot;cards_row_gap_tablet&quot;:{&quot;unit&quot;:&quot;px&quot;,&quot;size&quot;:&quot;&quot;,&quot;sizes&quot;:[]},&quot;cards_row_gap_mobile&quot;:{&quot;unit&quot;:&quot;px&quot;,&quot;size&quot;:&quot;&quot;,&quot;sizes&quot;:[]}}\" data-widget_type=\"posts.cards\">\n\t\t\t\t<div class=\"elementor-widget-container\">\n\t\t\t\t\t\t\t<div class=\"elementor-posts-container elementor-posts elementor-posts--skin-cards elementor-grid\" role=\"list\">\n\t\t\t\t<article class=\"elementor-post elementor-grid-item post-1785 post type-post status-publish format-standard has-post-thumbnail hentry category-institucional\" role=\"listitem\">\n\t\t\t<div class=\"elementor-post__card\">\n\t\t\t\t<a class=\"elementor-post__thumbnail__link\" href=\"https:\/\/martorelli.com.br\/dialogoslegais\/por-que-nao-deve-haver-futuro-sem-mulheres-na-lideranca\/\" tabindex=\"-1\" ><div class=\"elementor-post__thumbnail\"><img fetchpriority=\"high\" decoding=\"async\" width=\"2560\" height=\"1707\" src=\"https:\/\/martorelli.com.br\/dialogoslegais\/wp-content\/uploads\/2026\/04\/Padrao-Blog-Site-MA-22.png\" class=\"attachment-full size-full wp-image-1786\" alt=\"\" srcset=\"https:\/\/martorelli.com.br\/dialogoslegais\/wp-content\/uploads\/2026\/04\/Padrao-Blog-Site-MA-22.png 2560w, https:\/\/martorelli.com.br\/dialogoslegais\/wp-content\/uploads\/2026\/04\/Padrao-Blog-Site-MA-22-300x200.png 300w, https:\/\/martorelli.com.br\/dialogoslegais\/wp-content\/uploads\/2026\/04\/Padrao-Blog-Site-MA-22-1024x683.png 1024w, https:\/\/martorelli.com.br\/dialogoslegais\/wp-content\/uploads\/2026\/04\/Padrao-Blog-Site-MA-22-768x512.png 768w, https:\/\/martorelli.com.br\/dialogoslegais\/wp-content\/uploads\/2026\/04\/Padrao-Blog-Site-MA-22-1536x1024.png 1536w, https:\/\/martorelli.com.br\/dialogoslegais\/wp-content\/uploads\/2026\/04\/Padrao-Blog-Site-MA-22-2048x1366.png 2048w\" sizes=\"(max-width: 2560px) 100vw, 2560px\" \/><\/div><\/a>\n\t\t\t\t<div class=\"elementor-post__badge\">Institucional<\/div>\n\t\t\t\t<div class=\"elementor-post__text\">\n\t\t\t\t<h3 class=\"elementor-post__title\">\n\t\t\t<a href=\"https:\/\/martorelli.com.br\/dialogoslegais\/por-que-nao-deve-haver-futuro-sem-mulheres-na-lideranca\/\" >\n\t\t\t\tPor que n\u00e3o deve haver futuro sem mulheres na lideran\u00e7a?\t\t\t<\/a>\n\t\t<\/h3>\n\t\t\t\t\t<div class=\"elementor-post__read-more-wrapper\">\n\t\t\n\t\t<a class=\"elementor-post__read-more\" href=\"https:\/\/martorelli.com.br\/dialogoslegais\/por-que-nao-deve-haver-futuro-sem-mulheres-na-lideranca\/\" aria-label=\"Read more about Por que n\u00e3o deve haver futuro sem mulheres na lideran\u00e7a?\" tabindex=\"-1\" >\n\t\t\tSaiba mais\t\t<\/a>\n\n\t\t\t\t\t<\/div>\n\t\t\t\t<\/div>\n\t\t\t\t\t<\/div>\n\t\t<\/article>\n\t\t\t\t<article class=\"elementor-post elementor-grid-item post-1781 post type-post status-publish format-standard has-post-thumbnail hentry category-energia\" role=\"listitem\">\n\t\t\t<div class=\"elementor-post__card\">\n\t\t\t\t<a class=\"elementor-post__thumbnail__link\" href=\"https:\/\/martorelli.com.br\/dialogoslegais\/desafios-na-autoproducao-por-equiparacao-apos-a-transicao-da-lei-no-15-269-2025\/\" tabindex=\"-1\" ><div class=\"elementor-post__thumbnail\"><img decoding=\"async\" width=\"2560\" height=\"1707\" src=\"https:\/\/martorelli.com.br\/dialogoslegais\/wp-content\/uploads\/2026\/03\/Padrao-Blog-Site-MA-21.png\" class=\"attachment-full size-full wp-image-1782\" alt=\"\" srcset=\"https:\/\/martorelli.com.br\/dialogoslegais\/wp-content\/uploads\/2026\/03\/Padrao-Blog-Site-MA-21.png 2560w, https:\/\/martorelli.com.br\/dialogoslegais\/wp-content\/uploads\/2026\/03\/Padrao-Blog-Site-MA-21-300x200.png 300w, https:\/\/martorelli.com.br\/dialogoslegais\/wp-content\/uploads\/2026\/03\/Padrao-Blog-Site-MA-21-1024x683.png 1024w, https:\/\/martorelli.com.br\/dialogoslegais\/wp-content\/uploads\/2026\/03\/Padrao-Blog-Site-MA-21-768x512.png 768w, https:\/\/martorelli.com.br\/dialogoslegais\/wp-content\/uploads\/2026\/03\/Padrao-Blog-Site-MA-21-1536x1024.png 1536w, https:\/\/martorelli.com.br\/dialogoslegais\/wp-content\/uploads\/2026\/03\/Padrao-Blog-Site-MA-21-2048x1366.png 2048w\" sizes=\"(max-width: 2560px) 100vw, 2560px\" \/><\/div><\/a>\n\t\t\t\t<div class=\"elementor-post__badge\">Energia<\/div>\n\t\t\t\t<div class=\"elementor-post__text\">\n\t\t\t\t<h3 class=\"elementor-post__title\">\n\t\t\t<a href=\"https:\/\/martorelli.com.br\/dialogoslegais\/desafios-na-autoproducao-por-equiparacao-apos-a-transicao-da-lei-no-15-269-2025\/\" >\n\t\t\t\tDesafios na Autoprodu\u00e7\u00e3o por Equipara\u00e7\u00e3o ap\u00f3s a transi\u00e7\u00e3o da Lei n\u00ba 15.269\/2025\t\t\t<\/a>\n\t\t<\/h3>\n\t\t\t\t\t<div class=\"elementor-post__read-more-wrapper\">\n\t\t\n\t\t<a class=\"elementor-post__read-more\" href=\"https:\/\/martorelli.com.br\/dialogoslegais\/desafios-na-autoproducao-por-equiparacao-apos-a-transicao-da-lei-no-15-269-2025\/\" aria-label=\"Read more about Desafios na Autoprodu\u00e7\u00e3o por Equipara\u00e7\u00e3o ap\u00f3s a transi\u00e7\u00e3o da Lei n\u00ba 15.269\/2025\" tabindex=\"-1\" >\n\t\t\tSaiba mais\t\t<\/a>\n\n\t\t\t\t\t<\/div>\n\t\t\t\t<\/div>\n\t\t\t\t\t<\/div>\n\t\t<\/article>\n\t\t\t\t<article class=\"elementor-post elementor-grid-item post-1773 post type-post status-publish format-standard has-post-thumbnail hentry category-institucional\" role=\"listitem\">\n\t\t\t<div class=\"elementor-post__card\">\n\t\t\t\t<a class=\"elementor-post__thumbnail__link\" href=\"https:\/\/martorelli.com.br\/dialogoslegais\/20-anos-da-lei-maria-da-penha-entre-a-letra-da-lei-e-a-brutalidade-dos-fatos\/\" tabindex=\"-1\" ><div class=\"elementor-post__thumbnail\"><img decoding=\"async\" width=\"2560\" height=\"1707\" src=\"https:\/\/martorelli.com.br\/dialogoslegais\/wp-content\/uploads\/2025\/08\/iStock-1403692336-scaled.jpg\" class=\"attachment-full size-full wp-image-1558\" alt=\"\" srcset=\"https:\/\/martorelli.com.br\/dialogoslegais\/wp-content\/uploads\/2025\/08\/iStock-1403692336-scaled.jpg 2560w, https:\/\/martorelli.com.br\/dialogoslegais\/wp-content\/uploads\/2025\/08\/iStock-1403692336-300x200.jpg 300w, https:\/\/martorelli.com.br\/dialogoslegais\/wp-content\/uploads\/2025\/08\/iStock-1403692336-1024x683.jpg 1024w, https:\/\/martorelli.com.br\/dialogoslegais\/wp-content\/uploads\/2025\/08\/iStock-1403692336-768x512.jpg 768w, https:\/\/martorelli.com.br\/dialogoslegais\/wp-content\/uploads\/2025\/08\/iStock-1403692336-1536x1024.jpg 1536w, https:\/\/martorelli.com.br\/dialogoslegais\/wp-content\/uploads\/2025\/08\/iStock-1403692336-2048x1365.jpg 2048w\" sizes=\"(max-width: 2560px) 100vw, 2560px\" \/><\/div><\/a>\n\t\t\t\t<div class=\"elementor-post__badge\">Institucional<\/div>\n\t\t\t\t<div class=\"elementor-post__text\">\n\t\t\t\t<h3 class=\"elementor-post__title\">\n\t\t\t<a href=\"https:\/\/martorelli.com.br\/dialogoslegais\/20-anos-da-lei-maria-da-penha-entre-a-letra-da-lei-e-a-brutalidade-dos-fatos\/\" >\n\t\t\t\t20 anos da lei Maria da Penha: Entre a letra da lei e a brutalidade dos fatos\t\t\t<\/a>\n\t\t<\/h3>\n\t\t\t\t\t<div class=\"elementor-post__read-more-wrapper\">\n\t\t\n\t\t<a class=\"elementor-post__read-more\" href=\"https:\/\/martorelli.com.br\/dialogoslegais\/20-anos-da-lei-maria-da-penha-entre-a-letra-da-lei-e-a-brutalidade-dos-fatos\/\" aria-label=\"Read more about 20 anos da lei Maria da Penha: Entre a letra da lei e a brutalidade dos fatos\" tabindex=\"-1\" >\n\t\t\tSaiba mais\t\t<\/a>\n\n\t\t\t\t\t<\/div>\n\t\t\t\t<\/div>\n\t\t\t\t\t<\/div>\n\t\t<\/article>\n\t\t\t\t<article class=\"elementor-post elementor-grid-item post-1775 post type-post status-publish format-standard has-post-thumbnail hentry category-expansao-e-inovacao\" role=\"listitem\">\n\t\t\t<div class=\"elementor-post__card\">\n\t\t\t\t<a class=\"elementor-post__thumbnail__link\" href=\"https:\/\/martorelli.com.br\/dialogoslegais\/capital-governanca-e-inteligencia-de-dados-os-vetores-de-transformacao-do-contencioso-de-massa-no-brasil\/\" tabindex=\"-1\" ><div class=\"elementor-post__thumbnail\"><img loading=\"lazy\" decoding=\"async\" width=\"2560\" height=\"1213\" src=\"https:\/\/martorelli.com.br\/dialogoslegais\/wp-content\/uploads\/2025\/05\/iStock-2153471752-scaled.jpg\" class=\"attachment-full size-full wp-image-1421\" alt=\"\" srcset=\"https:\/\/martorelli.com.br\/dialogoslegais\/wp-content\/uploads\/2025\/05\/iStock-2153471752-scaled.jpg 2560w, https:\/\/martorelli.com.br\/dialogoslegais\/wp-content\/uploads\/2025\/05\/iStock-2153471752-300x142.jpg 300w, https:\/\/martorelli.com.br\/dialogoslegais\/wp-content\/uploads\/2025\/05\/iStock-2153471752-1024x485.jpg 1024w, https:\/\/martorelli.com.br\/dialogoslegais\/wp-content\/uploads\/2025\/05\/iStock-2153471752-768x364.jpg 768w, https:\/\/martorelli.com.br\/dialogoslegais\/wp-content\/uploads\/2025\/05\/iStock-2153471752-1536x728.jpg 1536w, https:\/\/martorelli.com.br\/dialogoslegais\/wp-content\/uploads\/2025\/05\/iStock-2153471752-2048x970.jpg 2048w\" sizes=\"(max-width: 2560px) 100vw, 2560px\" \/><\/div><\/a>\n\t\t\t\t<div class=\"elementor-post__badge\">Expans\u00e3o e Inova\u00e7\u00e3o<\/div>\n\t\t\t\t<div class=\"elementor-post__text\">\n\t\t\t\t<h3 class=\"elementor-post__title\">\n\t\t\t<a href=\"https:\/\/martorelli.com.br\/dialogoslegais\/capital-governanca-e-inteligencia-de-dados-os-vetores-de-transformacao-do-contencioso-de-massa-no-brasil\/\" >\n\t\t\t\tCapital, governan\u00e7a e intelig\u00eancia de dados: os vetores de transforma\u00e7\u00e3o do contencioso de massa no Brasil\t\t\t<\/a>\n\t\t<\/h3>\n\t\t\t\t\t<div class=\"elementor-post__read-more-wrapper\">\n\t\t\n\t\t<a class=\"elementor-post__read-more\" href=\"https:\/\/martorelli.com.br\/dialogoslegais\/capital-governanca-e-inteligencia-de-dados-os-vetores-de-transformacao-do-contencioso-de-massa-no-brasil\/\" aria-label=\"Read more about Capital, governan\u00e7a e intelig\u00eancia de dados: os vetores de transforma\u00e7\u00e3o do contencioso de massa no Brasil\" tabindex=\"-1\" >\n\t\t\tSaiba mais\t\t<\/a>\n\n\t\t\t\t\t<\/div>\n\t\t\t\t<\/div>\n\t\t\t\t\t<\/div>\n\t\t<\/article>\n\t\t\t\t<article class=\"elementor-post elementor-grid-item post-1779 post type-post status-publish format-standard has-post-thumbnail hentry category-institucional\" role=\"listitem\">\n\t\t\t<div class=\"elementor-post__card\">\n\t\t\t\t<a class=\"elementor-post__thumbnail__link\" href=\"https:\/\/martorelli.com.br\/dialogoslegais\/crescer-ja-nao-basta-por-que-alguns-escritorios-evoluem-e-outros-apenas-incham\/\" tabindex=\"-1\" ><div class=\"elementor-post__thumbnail\"><img loading=\"lazy\" decoding=\"async\" width=\"1080\" height=\"1080\" src=\"https:\/\/martorelli.com.br\/dialogoslegais\/wp-content\/uploads\/2025\/01\/imagem-nov-04.png\" class=\"attachment-full size-full wp-image-1350\" alt=\"\" srcset=\"https:\/\/martorelli.com.br\/dialogoslegais\/wp-content\/uploads\/2025\/01\/imagem-nov-04.png 1080w, https:\/\/martorelli.com.br\/dialogoslegais\/wp-content\/uploads\/2025\/01\/imagem-nov-04-300x300.png 300w, https:\/\/martorelli.com.br\/dialogoslegais\/wp-content\/uploads\/2025\/01\/imagem-nov-04-1024x1024.png 1024w, https:\/\/martorelli.com.br\/dialogoslegais\/wp-content\/uploads\/2025\/01\/imagem-nov-04-150x150.png 150w, https:\/\/martorelli.com.br\/dialogoslegais\/wp-content\/uploads\/2025\/01\/imagem-nov-04-768x768.png 768w, https:\/\/martorelli.com.br\/dialogoslegais\/wp-content\/uploads\/2025\/01\/imagem-nov-04-650x650.png 650w\" sizes=\"(max-width: 1080px) 100vw, 1080px\" \/><\/div><\/a>\n\t\t\t\t<div class=\"elementor-post__badge\">Institucional<\/div>\n\t\t\t\t<div class=\"elementor-post__text\">\n\t\t\t\t<h3 class=\"elementor-post__title\">\n\t\t\t<a href=\"https:\/\/martorelli.com.br\/dialogoslegais\/crescer-ja-nao-basta-por-que-alguns-escritorios-evoluem-e-outros-apenas-incham\/\" >\n\t\t\t\tCrescer j\u00e1 n\u00e3o basta: por que alguns escrit\u00f3rios evoluem e outros apenas incham?\t\t\t<\/a>\n\t\t<\/h3>\n\t\t\t\t\t<div class=\"elementor-post__read-more-wrapper\">\n\t\t\n\t\t<a class=\"elementor-post__read-more\" href=\"https:\/\/martorelli.com.br\/dialogoslegais\/crescer-ja-nao-basta-por-que-alguns-escritorios-evoluem-e-outros-apenas-incham\/\" aria-label=\"Read more about Crescer j\u00e1 n\u00e3o basta: por que alguns escrit\u00f3rios evoluem e outros apenas incham?\" tabindex=\"-1\" >\n\t\t\tSaiba mais\t\t<\/a>\n\n\t\t\t\t\t<\/div>\n\t\t\t\t<\/div>\n\t\t\t\t\t<\/div>\n\t\t<\/article>\n\t\t\t\t<article class=\"elementor-post elementor-grid-item post-1769 post type-post status-publish format-standard has-post-thumbnail hentry category-empresarial\" role=\"listitem\">\n\t\t\t<div class=\"elementor-post__card\">\n\t\t\t\t<a class=\"elementor-post__thumbnail__link\" href=\"https:\/\/martorelli.com.br\/dialogoslegais\/expansao-imobiliaria-a-vista-ha-seguranca-juridica-suficiente-para-sustentar-o-crescimento\/\" tabindex=\"-1\" ><div class=\"elementor-post__thumbnail\"><img loading=\"lazy\" decoding=\"async\" width=\"2560\" height=\"1707\" src=\"https:\/\/martorelli.com.br\/dialogoslegais\/wp-content\/uploads\/2026\/03\/businesspeople-having-discussion-office-scaled.jpg\" class=\"attachment-full size-full wp-image-1770\" alt=\"\" srcset=\"https:\/\/martorelli.com.br\/dialogoslegais\/wp-content\/uploads\/2026\/03\/businesspeople-having-discussion-office-scaled.jpg 2560w, https:\/\/martorelli.com.br\/dialogoslegais\/wp-content\/uploads\/2026\/03\/businesspeople-having-discussion-office-300x200.jpg 300w, https:\/\/martorelli.com.br\/dialogoslegais\/wp-content\/uploads\/2026\/03\/businesspeople-having-discussion-office-1024x683.jpg 1024w, https:\/\/martorelli.com.br\/dialogoslegais\/wp-content\/uploads\/2026\/03\/businesspeople-having-discussion-office-768x512.jpg 768w, https:\/\/martorelli.com.br\/dialogoslegais\/wp-content\/uploads\/2026\/03\/businesspeople-having-discussion-office-1536x1024.jpg 1536w, https:\/\/martorelli.com.br\/dialogoslegais\/wp-content\/uploads\/2026\/03\/businesspeople-having-discussion-office-2048x1365.jpg 2048w\" sizes=\"(max-width: 2560px) 100vw, 2560px\" \/><\/div><\/a>\n\t\t\t\t<div class=\"elementor-post__badge\">Empresarial<\/div>\n\t\t\t\t<div class=\"elementor-post__text\">\n\t\t\t\t<h3 class=\"elementor-post__title\">\n\t\t\t<a href=\"https:\/\/martorelli.com.br\/dialogoslegais\/expansao-imobiliaria-a-vista-ha-seguranca-juridica-suficiente-para-sustentar-o-crescimento\/\" >\n\t\t\t\tExpans\u00e3o imobili\u00e1ria \u00e0 vista: h\u00e1 seguran\u00e7a jur\u00eddica suficiente para sustentar o crescimento?\t\t\t<\/a>\n\t\t<\/h3>\n\t\t\t\t\t<div class=\"elementor-post__read-more-wrapper\">\n\t\t\n\t\t<a class=\"elementor-post__read-more\" href=\"https:\/\/martorelli.com.br\/dialogoslegais\/expansao-imobiliaria-a-vista-ha-seguranca-juridica-suficiente-para-sustentar-o-crescimento\/\" aria-label=\"Read more about Expans\u00e3o imobili\u00e1ria \u00e0 vista: h\u00e1 seguran\u00e7a jur\u00eddica suficiente para sustentar o crescimento?\" tabindex=\"-1\" >\n\t\t\tSaiba mais\t\t<\/a>\n\n\t\t\t\t\t<\/div>\n\t\t\t\t<\/div>\n\t\t\t\t\t<\/div>\n\t\t<\/article>\n\t\t\t\t<\/div>\n\t\t\n\t\t\t\t<div class=\"e-load-more-anchor\" data-page=\"1\" data-max-page=\"19\" data-next-page=\"https:\/\/martorelli.com.br\/dialogoslegais\/?e-page-d9cef9f=2\"><\/div>\n\t\t\t\t<nav class=\"elementor-pagination\" aria-label=\"Pagination\">\n\t\t\t<span class=\"page-numbers prev\">&laquo; Anterior<\/span>\n<a class=\"page-numbers next\" href=\"https:\/\/martorelli.com.br\/dialogoslegais\/?e-page-d9cef9f=2\">Pr\u00f3ximo &raquo;<\/a>\t\t<\/nav>\n\t\t\t\t\t\t<\/div>\n\t\t\t\t<\/div>\n\t\t\t\t\t<\/div>\n\t\t\t\t<\/div>\n\t\t<div class=\"elementor-element elementor-element-3402641 e-con-full e-flex e-con e-parent\" data-id=\"3402641\" data-element_type=\"container\" data-e-type=\"container\" data-settings=\"{&quot;background_background&quot;:&quot;classic&quot;}\">\n\t\t<div class=\"elementor-element elementor-element-11e7544 e-flex e-con-boxed e-con e-child\" data-id=\"11e7544\" data-element_type=\"container\" data-e-type=\"container\">\n\t\t\t\t\t<div class=\"e-con-inner\">\n\t\t\t\t<div class=\"elementor-element elementor-element-b949baf de_scroll_animation_no elementor-invisible elementor-widget elementor-widget-heading\" data-id=\"b949baf\" data-element_type=\"widget\" data-e-type=\"widget\" data-settings=\"{&quot;_animation&quot;:&quot;fadeInUp&quot;}\" data-widget_type=\"heading.default\">\n\t\t\t\t<div class=\"elementor-widget-container\">\n\t\t\t\t\t<h2 class=\"elementor-heading-title elementor-size-default\">Deseja saber mais sobre <br> a nossa atua\u00e7\u00e3o?<\/h2>\t\t\t\t<\/div>\n\t\t\t\t<\/div>\n\t\t\t\t<div class=\"elementor-element elementor-element-d4a0635 elementor-button-info elementor-align-left de_scroll_animation_no elementor-invisible elementor-widget elementor-widget-button\" data-id=\"d4a0635\" data-element_type=\"widget\" data-e-type=\"widget\" data-settings=\"{&quot;_animation&quot;:&quot;fadeInLeft&quot;}\" data-widget_type=\"button.default\">\n\t\t\t\t<div class=\"elementor-widget-container\">\n\t\t\t\t\t\t\t\t\t<div class=\"elementor-button-wrapper\">\n\t\t\t\t\t<a class=\"elementor-button elementor-button-link elementor-size-sm\" href=\"https:\/\/martorelli.com.br\/#atuacao\">\n\t\t\t\t\t\t<span class=\"elementor-button-content-wrapper\">\n\t\t\t\t\t\t<span class=\"elementor-button-icon\">\n\t\t\t\t<i aria-hidden=\"true\" class=\"icon icon-right-arrow\"><\/i>\t\t\t<\/span>\n\t\t\t\t\t\t\t\t\t<span class=\"elementor-button-text\">Clique aqui e confira o nosso website<\/span>\n\t\t\t\t\t<\/span>\n\t\t\t\t\t<\/a>\n\t\t\t\t<\/div>\n\t\t\t\t\t\t\t\t<\/div>\n\t\t\t\t<\/div>\n\t\t\t\t\t<\/div>\n\t\t\t\t<\/div>\n\t\t<div class=\"elementor-element elementor-element-e4e9b73 e-flex e-con-boxed e-con e-child\" data-id=\"e4e9b73\" data-element_type=\"container\" data-e-type=\"container\" data-settings=\"{&quot;background_background&quot;:&quot;classic&quot;}\">\n\t\t\t\t\t<div class=\"e-con-inner\">\n\t\t\t\t\t<\/div>\n\t\t\t\t<\/div>\n\t\t\t\t<\/div>\n\t\t\t\t<\/div>\n\t\t","protected":false},"excerpt":{"rendered":"<p>Institucional Sem tabu: falar de bem-estar deve ocupar os f\u00f3runs<\/p>\n","protected":false},"author":2,"featured_media":0,"parent":0,"menu_order":0,"comment_status":"closed","ping_status":"closed","template":"elementor_header_footer","meta":{"footnotes":""},"ppma_author":[22],"class_list":["post-125","page","type-page","status-publish","hentry"],"_links":{"self":[{"href":"https:\/\/martorelli.com.br\/dialogoslegais\/wp-json\/wp\/v2\/pages\/125","targetHints":{"allow":["GET"]}}],"collection":[{"href":"https:\/\/martorelli.com.br\/dialogoslegais\/wp-json\/wp\/v2\/pages"}],"about":[{"href":"https:\/\/martorelli.com.br\/dialogoslegais\/wp-json\/wp\/v2\/types\/page"}],"author":[{"embeddable":true,"href":"https:\/\/martorelli.com.br\/dialogoslegais\/wp-json\/wp\/v2\/users\/2"}],"replies":[{"embeddable":true,"href":"https:\/\/martorelli.com.br\/dialogoslegais\/wp-json\/wp\/v2\/comments?post=125"}],"version-history":[{"count":299,"href":"https:\/\/martorelli.com.br\/dialogoslegais\/wp-json\/wp\/v2\/pages\/125\/revisions"}],"predecessor-version":[{"id":1694,"href":"https:\/\/martorelli.com.br\/dialogoslegais\/wp-json\/wp\/v2\/pages\/125\/revisions\/1694"}],"wp:attachment":[{"href":"https:\/\/martorelli.com.br\/dialogoslegais\/wp-json\/wp\/v2\/media?parent=125"}],"wp:term":[{"taxonomy":"author","embeddable":true,"href":"https:\/\/martorelli.com.br\/dialogoslegais\/wp-json\/wp\/v2\/ppma_author?post=125"}],"curies":[{"name":"wp","href":"https:\/\/api.w.org\/{rel}","templated":true}]}}